{"id":1788,"date":"2018-11-23T18:06:41","date_gmt":"2018-11-23T18:06:41","guid":{"rendered":"https:\/\/www.aquitania.net\/politica-de-cookies\/"},"modified":"2025-02-14T07:41:54","modified_gmt":"2025-02-14T07:41:54","slug":"politica-de-cookies","status":"publish","type":"page","link":"https:\/\/www.aquitania.net\/fr\/politica-de-cookies\/","title":{"rendered":"Politique de cookies"},"content":{"rendered":"\n<p>Conforme a lo dispuesto en el art\u00edculo 22.2 de la Ley 34\/2002, de 11 de julio, de Servicios de la Sociedad de la Informaci\u00f3n y de Comercio Electr\u00f3nico (LSSI-CE) vigente, AQUITANIA MOBLES SL debe cumplir con la obligaci\u00f3n de informar sobre las cookies que utiliza y sus finalidades.<\/p>\n\n\n\n<p>Este sitio web utiliza cookies y\/o tecnolog\u00edas similares que almacenan y recuperan informaci\u00f3n cuando navegas. Las cookies permiten a una p\u00e1gina web, entre otras cosas, almacenar y recuperar informaci\u00f3n sobre los h\u00e1bitos de navegaci\u00f3n de un Usuario o de su equipo y, dependiendo de la informaci\u00f3n que contenga y de la forma en que utilice su equipo, pueden utilizarse para reconocer al Usuario.<\/p>\n\n\n\n<p>Las cookies son esenciales para el funcionamiento de internet, aportando innumerables ventajas en la prestaci\u00f3n de servicios interactivos, facilit\u00e1ndole al Usuario la navegaci\u00f3n y usabilidad de nuestra web.<\/p>\n\n\n\n<p>El usuario puede modificar la configuraci\u00f3n personalizada AQUI<\/p>\n\n\n\n<p>La informaci\u00f3n que le proporcionamos a continuaci\u00f3n, le ayudar\u00e1 a comprender los diferentes tipos de cookies:<\/p>\n\n\n\n<table class=\"akt-legal__table\" border=\"1\">\n    <tr>\n        <th class=\"akt-legal__table-header\" colspan=\"3\">TIPOS DE COOKIES<\/th>\n    <\/tr>\n    <tr>\n        <th class=\"akt-legal__table-header\">Categor\u00eda<\/th>\n        <th class=\"akt-legal__table-header\">Tipo de Cookie<\/th>\n        <th class=\"akt-legal__table-header\">Descripci\u00f3n<\/th>\n    <\/tr>\n    <tr>\n        <td class=\"akt-legal__table-data\" rowspan=\"2\">SEG\u00daN LA ENTIDAD QUE LAS GESTIONE<\/td>\n        <td class=\"akt-legal__table-data\">COOKIES PROPIAS<\/td>\n        <td class=\"akt-legal__table-data\">Son aquellas que se env\u00edan al equipo terminal del usuario desde un equipo o dominio gestionado por el propio editor y desde el que se presta el servicio solicitado por el usuario.<\/td>\n    <\/tr>\n    <tr>\n        <td class=\"akt-legal__table-data\">COOKIES DE TERCERO<\/td>\n        <td class=\"akt-legal__table-data\">Son aquellas que se env\u00edan al equipo terminal del usuario desde un equipo o dominio que no es gestionado por el editor, sino por otra entidad que trata los datos obtenidos a trav\u00e9s de las cookies.<\/td>\n    <\/tr>\n    <tr>\n        <td class=\"akt-legal__table-data\" rowspan=\"2\">SEG\u00daN EL PLAZO DE TIEMPO QUE PERMANEZCAN ACTIVADAS<\/td>\n        <td class=\"akt-legal__table-data\">COOKIES DE SESI\u00d3N<\/td>\n        <td class=\"akt-legal__table-data\">Son aquellas dise\u00f1adas para recabar y almacenar datos mientras el usuario accede a una p\u00e1gina web. Se suelen emplear para almacenar informaci\u00f3n que solo interesa conservar para la prestaci\u00f3n del servicio solicitado por el usuario en una sola ocasi\u00f3n (por ejemplo, una lista de productos adquiridos) y desaparecen al terminar la sesi\u00f3n.<\/td>\n    <\/tr>\n    <tr>\n        <td class=\"akt-legal__table-data\">COOKIES PERSISTENTES<\/td>\n        <td class=\"akt-legal__table-data\">Son aquellas en las que los datos siguen almacenados en el terminal y pueden ser accedidos y tratados durante un periodo definido por el responsable de la cookie, que puede ir de unos minutos a varios a\u00f1os.<\/td>\n    <\/tr>\n    <tr>\n        <td class=\"akt-legal__table-data\" rowspan=\"5\">SEG\u00daN SU FINALIDAD<\/td>\n        <td class=\"akt-legal__table-data\">COOKIES T\u00c9CNICAS<\/td>\n        <td class=\"akt-legal__table-data\">Son aquellas que permiten al usuario la navegaci\u00f3n a trav\u00e9s de una p\u00e1gina web, plataforma o aplicaci\u00f3n y la utilizaci\u00f3n de las diferentes opciones o servicios que en ella existen.<\/td>\n    <\/tr>\n    <tr>\n        <td class=\"akt-legal__table-data\">COOKIES DE PERSONALIZACI\u00d3N<\/td>\n        <td class=\"akt-legal__table-data\">Permiten aplicar caracter\u00edsticas propias para la navegaci\u00f3n del usuario por el website (Ej. idioma).<\/td>\n    <\/tr>\n    <tr>\n        <td class=\"akt-legal__table-data\">COOKIES DE AN\u00c1LISIS<\/td>\n        <td class=\"akt-legal__table-data\">Son aquellas que permiten al responsable de las mismas el seguimiento y an\u00e1lisis del comportamiento de los usuarios de los sitios web a los que est\u00e1n vinculadas.<\/td>\n    <\/tr>\n    <tr>\n        <td class=\"akt-legal__table-data\">COOKIES PUBLICITARIAS<\/td>\n        <td class=\"akt-legal__table-data\">Permiten la gesti\u00f3n eficaz de los espacios publicitarios, seg\u00fan el contenido de la propia web.<\/td>\n    <\/tr>\n    <tr>\n        <td class=\"akt-legal__table-data\">COOKIES DE PUBLICIDAD COMPORTAMENTAL<\/td>\n        <td class=\"akt-legal__table-data\">Almacenan informaci\u00f3n del comportamiento de los usuarios obtenida a trav\u00e9s de la observaci\u00f3n de sus h\u00e1bitos de navegaci\u00f3n, permitiendo desarrollar un perfil espec\u00edfico para mostrar publicidad en funci\u00f3n del mismo.<\/td>\n    <\/tr>\n<\/table>\n\n\n\n<p>Adicionalmente, AQUITANIA MOBLES SL informa de manera m\u00e1s detallada de las cookies que utiliza sus titulares, el uso o finalidad concreta, los plazos de conservaci\u00f3n as\u00ed como de las Transferencias Internacionales de datos de cada una de ellas utilizadas en nuestra p\u00e1gina web:<\/p>\n\n\n\n<p><em>** Puede informarse de las transferencias internacionales a terceros pa\u00edses que, en su caso, realizan los <\/em><strong><em>TERCEROS <\/em><\/strong><em>identificados en esta pol\u00edtica de cookies en sus correspondientes pol\u00edticas (hacer click encima del titular de la cookie) **<\/em><\/p>\n\n\n\n<p>Empresa informa de manera m\u00e1s exhaustiva la informaci\u00f3n relativa a las transferencias internacionales derivadas de la utilizaci\u00f3n de cookies propias.<\/p>\n\n\n\n<p>T\u00e9ngase en cuenta que, si acepta las cookies de terceros, deber\u00e1 eliminarlas desde las opciones del navegador o desde el sistema ofrecido por el propio tercero.<\/p>\n\n\n\n<p>A continuaci\u00f3n le proporcionamos los enlaces de diversos navegadores, a trav\u00e9s de los cuales podr\u00e1 modificar la configuraci\u00f3n de su navegador sobre el uso de cookies:<\/p>\n\n\n\n<ul><li><strong><em>Firefox desde aqu\u00ed: <\/em><\/strong><a href=\"http:\/\/support.mozilla.org\/es\/kb\/habilitar-y-deshabilitar-cookies-que-los-sitios-we\"><em>http:\/\/support.mozilla.org\/es\/kb\/habilitar-y-deshabilitar-cookies-que-los-sitios-we<\/em><\/a><\/li><li><strong><em>Chrome desde aqu\u00ed: <\/em><\/strong><a href=\"http:\/\/support.google.com\/chrome\/bin\/answer.py?hl=es&amp;answer=95647\"><em>http:\/\/support.google.com\/chrome\/bin\/answer.py?hl=es&amp;answer=95647<\/em><\/a><\/li><li><strong><em>Explorer<\/em><\/strong><strong><em> <\/em><\/strong><strong><em>desde<\/em><\/strong><strong><em> <\/em><\/strong><strong><em>aqu\u00ed:<\/em><\/strong><strong><em> <\/em><\/strong><a href=\"http:\/\/windows.microsoft.com\/es-es\/internet-explorer\/delete-manage-cookies#ie%3Die-10\"><em>http:\/\/windows.microsoft.com\/es-es\/internet-explorer\/delete-manage-<\/em><\/a><em> <\/em><a href=\"http:\/\/windows.microsoft.com\/es-es\/internet-explorer\/delete-manage-cookies#ie%3Die-10\"><em>cookies#ie=ie-10<\/em><\/a><\/li><li><strong><em>Safari desde aqu\u00ed: <\/em><\/strong><a href=\"https:\/\/support.apple.com\/kb\/ph17191?locale=es_ES\"><em>https:\/\/support.apple.com\/kb\/ph17191?locale=es_ES<\/em><\/a><\/li><li><strong><em>Opera desde aqu\u00ed: <\/em><\/strong><a href=\"https:\/\/help.opera.com\/en\/latest\/web-preferences\/#cookies\"><em>https:\/\/help.opera.com\/en\/latest\/web-preferences\/#cookies<\/em><\/a><\/li><\/ul>\n\n\n\n<p>Para conocer m\u00e1s informaci\u00f3n sobre el tratamiento de datos personales, le recomendamos visitar nuestro apartado \u201c<em>Pol\u00edtica de Privacidad<\/em>\u201d.<\/p>\n\n\n\n<p><strong>\u00daLTIMA ACTUALIZACI\u00d3N<\/strong><strong>: 19 de octubre de 2021<\/strong><\/p>\n\n\n\n<script id=\"CookieDeclaration\" src=\"https:\/\/consent.cookiebot.com\/adcf4e9e-5f12-4348-81c0-770360eaeef0\/cd.js\" type=\"text\/javascript\" async=\"\"><\/script>\n\n\n\n<p><\/p>\n","protected":false},"excerpt":{"rendered":"<p>Conforme a lo dispuesto en el art\u00edculo 22.2 de la Ley 34\/2002, de 11 de julio, de Servicios de la Sociedad de la Informaci\u00f3n y de Comercio Electr\u00f3nico (LSSI-CE) vigente, AQUITANIA MOBLES SL debe cumplir con la obligaci\u00f3n de informar sobre las cookies que utiliza y sus finalidades. Este sitio web utiliza cookies y\/o tecnolog\u00edas [&hellip;]<\/p>\n","protected":false},"author":1,"featured_media":0,"parent":0,"menu_order":0,"comment_status":"closed","ping_status":"closed","template":"","meta":[],"categories":[],"tags":[],"_links":{"self":[{"href":"https:\/\/www.aquitania.net\/fr\/wp-json\/wp\/v2\/pages\/1788"}],"collection":[{"href":"https:\/\/www.aquitania.net\/fr\/wp-json\/wp\/v2\/pages"}],"about":[{"href":"https:\/\/www.aquitania.net\/fr\/wp-json\/wp\/v2\/types\/page"}],"author":[{"embeddable":true,"href":"https:\/\/www.aquitania.net\/fr\/wp-json\/wp\/v2\/users\/1"}],"replies":[{"embeddable":true,"href":"https:\/\/www.aquitania.net\/fr\/wp-json\/wp\/v2\/comments?post=1788"}],"version-history":[{"count":9,"href":"https:\/\/www.aquitania.net\/fr\/wp-json\/wp\/v2\/pages\/1788\/revisions"}],"predecessor-version":[{"id":3885,"href":"https:\/\/www.aquitania.net\/fr\/wp-json\/wp\/v2\/pages\/1788\/revisions\/3885"}],"wp:attachment":[{"href":"https:\/\/www.aquitania.net\/fr\/wp-json\/wp\/v2\/media?parent=1788"}],"wp:term":[{"taxonomy":"category","embeddable":true,"href":"https:\/\/www.aquitania.net\/fr\/wp-json\/wp\/v2\/categories?post=1788"},{"taxonomy":"post_tag","embeddable":true,"href":"https:\/\/www.aquitania.net\/fr\/wp-json\/wp\/v2\/tags?post=1788"}],"curies":[{"name":"wp","href":"https:\/\/api.w.org\/{rel}","templated":true}]}}