{"id":1791,"date":"2018-11-23T18:07:43","date_gmt":"2018-11-23T18:07:43","guid":{"rendered":"https:\/\/www.aquitania.net\/politica-de-privacitat\/"},"modified":"2025-02-14T07:44:01","modified_gmt":"2025-02-14T07:44:01","slug":"politica-de-privacitat","status":"publish","type":"page","link":"https:\/\/www.aquitania.net\/fr\/politica-de-privacitat\/","title":{"rendered":"Politique de confidentialit\u00e9"},"content":{"rendered":"\n<p>Datos del propietario de la web:<\/p>\n\n\n\n<table class=\"akt-legal__table\" border=\"1\">\n    <tr>\n        <th class=\"akt-legal__table-header\">RAZ\u00d3N SOCIAL<\/th>\n        <td class=\"akt-legal__table-data\">AQUITANIA MOBLES SL<\/td>\n    <\/tr>\n    <tr>\n        <th class=\"akt-legal__table-header\">NIF<\/th>\n        <td class=\"akt-legal__table-data\">B57243867<\/td>\n    <\/tr>\n    <tr>\n        <th class=\"akt-legal__table-header\">DIRECCI\u00d3N POSTAL<\/th>\n        <td class=\"akt-legal__table-data\">AV CAP DE CAVALLERIA 7, 07714, MAO (ILLES BALEARS)<\/td>\n    <\/tr>\n    <tr>\n        <th class=\"akt-legal__table-header\">DIRECCI\u00d3N ELECTR\u00d3NICA<\/th>\n        <td class=\"akt-legal__table-data\">\n            <a href=\"mailto:aquitania@aquitania.net\">aquitania@aquitania.net<\/a>\n        <\/td>\n    <\/tr>\n    <tr>\n        <th class=\"akt-legal__table-header\">TEL\u00c9FONOS<\/th>\n        <td class=\"akt-legal__table-data\">971356353<\/td>\n    <\/tr>\n    <tr>\n        <th class=\"akt-legal__table-header\">REGISTRO MERCANTIL<\/th>\n        <td class=\"akt-legal__table-data\">tomo &#8230;&#8230;&#8230;&#8230;, folio &#8230;&#8230;&#8230;.., hoja &#8230;&#8230;&#8230;. e inscripci\u00f3n &#8230;&#8230;&#8230;&#8230;&#8230;<\/td>\n    <\/tr>\n    <tr>\n        <th class=\"akt-legal__table-header\">OBJETO PRINCIPAL<\/th>\n        <td class=\"akt-legal__table-data\">venta de muebles y decoraci\u00f3n<\/td>\n    <\/tr>\n<\/table>\n\n\n\n<p><strong>Protecci\u00f3n de datos<\/strong><br><br>De conformidad con la normativa vigente y aplicable en protecci\u00f3n de datos de car\u00e1cter personal, le<br>informamos que sus datos ser\u00e1n incorporados al sistema de tratamiento titularidad de AQUITANIA<br>MOBLES SL con NIF B57243867 y domicilio social sito en AV CAP DE CAVALLERIA 7 07714, MAO<br>(ILLES BALEARS), y que a continuaci\u00f3n se relacionan sus respectivas finalidades, plazos de<br>conservaci\u00f3n y bases legitimadoras. Para aquellos tratamientos que lo requieran, se informa tambi\u00e9n de<br>la posible elaboraci\u00f3n de perfiles y decisiones automatizadas, as\u00ed como las posibles cesiones y las<br>transferencias internacionales que AQUITANIA MOBLES SL tiene previsto realizar:<\/p>\n\n\n\n<table class=\"akt-legal__table\" border=\"1\">\n    <tr>\n        <th class=\"akt-legal__table-header\">Tratamiento<\/th>\n        <th class=\"akt-legal__table-header\">Finalidad<\/th>\n        <th class=\"akt-legal__table-header\">Plazo de Conservaci\u00f3n<\/th>\n        <th class=\"akt-legal__table-header\">Base Leg\u00edtima<\/th>\n        <th class=\"akt-legal__table-header\">Tipolog\u00eda de Datos<\/th>\n        <th class=\"akt-legal__table-header\">Cesiones<\/th>\n        <th class=\"akt-legal__table-header\">Transferencias Internacionales<\/th>\n        <th class=\"akt-legal__table-header\">Elaboraciones de Perfiles<\/th>\n    <\/tr>\n    <tr>\n        <td class=\"akt-legal__table-data\">Gesti\u00f3n de la p\u00e1gina web<\/td>\n        <td class=\"akt-legal__table-data\">Tratamiento y gesti\u00f3n de los datos necesarios para la funcionalidad de la p\u00e1gina web<\/td>\n        <td class=\"akt-legal__table-data\">Mientras perdure el consentimiento prestado<\/td>\n        <td class=\"akt-legal__table-data\">El consentimiento del interesado<\/td>\n        <td class=\"akt-legal__table-data\">Datos meramente identificativos<\/td>\n        <td class=\"akt-legal__table-data\">No se prev\u00e9n<\/td>\n        <td class=\"akt-legal__table-data\">No se prev\u00e9n<\/td>\n        <td class=\"akt-legal__table-data\">No se prev\u00e9n<\/td>\n    <\/tr>\n    <tr>\n        <td class=\"akt-legal__table-data\">Formulario web<\/td>\n        <td class=\"akt-legal__table-data\">Atender sus consultas y\/o solicitudes<\/td>\n        <td class=\"akt-legal__table-data\">Mientras se mantenga el consentimiento prestado<\/td>\n        <td class=\"akt-legal__table-data\">El consentimiento del interesado<\/td>\n        <td class=\"akt-legal__table-data\">Datos meramente identificativos<\/td>\n        <td class=\"akt-legal__table-data\">Ninguna<\/td>\n        <td class=\"akt-legal__table-data\">No se prev\u00e9n<\/td>\n        <td class=\"akt-legal__table-data\">No se prev\u00e9n<\/td>\n    <\/tr>\n    <tr>\n        <td class=\"akt-legal__table-data\">Gesti\u00f3n del cumplimiento normativo<\/td>\n        <td class=\"akt-legal__table-data\">Gesti\u00f3n y tramitaci\u00f3n de las obligaciones y deberes que se deriven del cumplimiento de la normativa a la cual est\u00e1 sujeta la entidad<\/td>\n        <td class=\"akt-legal__table-data\">Conservaci\u00f3n de las copias de los documentos hasta que prescriban las acciones para reclamar una posible responsabilidad<\/td>\n        <td class=\"akt-legal__table-data\">El cumplimiento de una ley<\/td>\n        <td class=\"akt-legal__table-data\">Datos meramente identificativos<\/td>\n        <td class=\"akt-legal__table-data\">Se comunicar\u00e1n en caso de ser necesarios a organismos u administraci\u00f3n p\u00fablica con competencia en la materia<\/td>\n        <td class=\"akt-legal__table-data\">No se prev\u00e9n<\/td>\n        <td class=\"akt-legal__table-data\">No se prev\u00e9n<\/td>\n    <\/tr>\n    <tr>\n        <td class=\"akt-legal__table-data\">Newsletters<\/td>\n        <td class=\"akt-legal__table-data\">Captaci\u00f3n, registro y tratamiento de datos con finalidades de marketing para remitirle la Newsletter a la cual se ha suscrito<\/td>\n        <td class=\"akt-legal__table-data\">Mientras se mantenga el consentimiento prestado<\/td>\n        <td class=\"akt-legal__table-data\">El consentimiento del interesado<\/td>\n        <td class=\"akt-legal__table-data\">Datos meramente identificativos<\/td>\n        <td class=\"akt-legal__table-data\">Ninguna<\/td>\n        <td class=\"akt-legal__table-data\">No se prev\u00e9n<\/td>\n        <td class=\"akt-legal__table-data\">No se prev\u00e9n<\/td>\n    <\/tr>\n    <tr>\n        <td class=\"akt-legal__table-data\">Acciones Comerciales<\/td>\n        <td class=\"akt-legal__table-data\">Captaci\u00f3n, registro y tratamiento de datos con finalidades de publicidad y prospecci\u00f3n comercial<\/td>\n        <td class=\"akt-legal__table-data\">Mientras se mantenga el consentimiento prestado<\/td>\n        <td class=\"akt-legal__table-data\">El consentimiento del interesado<\/td>\n        <td class=\"akt-legal__table-data\">Datos meramente identificativos<\/td>\n        <td class=\"akt-legal__table-data\">Ninguna<\/td>\n        <td class=\"akt-legal__table-data\">No se prev\u00e9n<\/td>\n        <td class=\"akt-legal__table-data\">No se prev\u00e9n<\/td>\n    <\/tr>\n<\/table>\n\n\n\n<p><strong>Derechos de los interesados<\/strong><br><br>AQUITANIA MOBLES SL informa a los Usuarios que, podr\u00e1 ejercer los derechos de acceso, rectificaci\u00f3n,<br>limitaci\u00f3n, supresi\u00f3n, portabilidad y oposici\u00f3n al tratamiento de sus datos de car\u00e1cter personal ante el<br>Responsable del Tratamiento, as\u00ed como a la retirada del consentimiento prestado.<\/p>\n\n\n\n<ul><li><strong>Derecho de Acceso:<\/strong> Es el derecho del usuario a obtener informaci\u00f3n sobre sus datos concretos<br>de car\u00e1cter personal y del tratamiento que se haya realizado o realice, as\u00ed como de la<br>informaci\u00f3n disponible sobre el origen de dichos datos y las comunicaciones realizadas o<br>previstas de los mismos.<br><\/li><li><strong>Derecho de Rectificaci\u00f3n: <\/strong>Es el derecho del afectado a que se modifiquen los datos que<br>resulten ser inexactos o incompletos. S\u00f3lo podr\u00e1 satisfacerse en relaci\u00f3n a aquella informaci\u00f3n<br>que se encuentre bajo el control de AQUITANIA MOBLES SL, por ejemplo, eliminar comentarios<br>publicados en la propia p\u00e1gina, im\u00e1genes o contenidos web donde consten datos de car\u00e1cter<br>personal del usuario.<br><\/li><li><strong>Derecho a la Limitaci\u00f3n de tratamiento:<\/strong> Es el derecho a que se limiten los fines del tratamiento<br>previstos de forma original por el responsable del tratamiento.<br><\/li><li><strong>Derecho de Supresi\u00f3n:<\/strong> Es el derecho a suprimir los datos de car\u00e1cter personal del usuario, a<br>excepci\u00f3n de lo previsto en el propio RGPD o en otras normativas aplicables que determinen la<br>obligatoriedad de la conservaci\u00f3n de los mismos, en tiempo y forma.Derecho de portabilidad: El derecho a recibir los datos personales que el usuario, haya<br>facilitado, en un formato estructurado, de uso com\u00fan y lectura mec\u00e1nica, y a transmitirlos a otro<br>responsable.<br><\/li><li>Derecho de Oposici\u00f3n: Es el derecho del usuario a que no se lleve a cabo el tratamiento de sus<br>datos de car\u00e1cter personal o se cese el tratamiento de los mismos por parte de AQUITANIA<br>MOBLES SL.<\/li><\/ul>\n\n\n\n<p>Para poder ejercer cualquiera de los derechos descritos anteriormente deber\u00e1 cumplir con los<br>siguientes requisitos:<\/p>\n\n\n\n<ul><li>Presentaci\u00f3n de un escrito a la direcci\u00f3n AV CAP DE CAVALLERIA 7 07714, MAO (ILLESBALEARS) (a la atenci\u00f3n de AQUITANIA MOBLES SL) o bien a trav\u00e9s de correo electr\u00f3nico a aquitania@aquitania.net.<\/li><li>El escrito remitido por el titular de los datos que solicite el ejercicio deber\u00e1 de cumplir los siguientes requisitos legales:<\/li><\/ul>\n\n\n\n<ul><li>Nombre, apellidos del interesado y copia del DNI\/NIE o cualquier documento identificativo. En los excepcionales casos en que se admita la representaci\u00f3n, ser\u00e1 tambi\u00e9n necesaria la identificaci\u00f3n por el mismo medio de la persona que le representa, as\u00ed como el documento acreditativo de la representaci\u00f3n. La fotocopia del DNI podr\u00e1 ser sustituida siempre que se acredite la identidad por cualquier otro medio v\u00e1lido en derecho.<br><\/li><li>Petici\u00f3n en que se concreta la solicitud. (Ejercicio en el que se solicita la informaci\u00f3n a la que se quiere acceder). Si no hace referencia a un fichero concreto se le facilitar\u00e1 toda la informaci\u00f3n que se tenga con sus datos de car\u00e1cter personal. Si solicita informaci\u00f3n de un fichero en concreto, s\u00f3lo la informaci\u00f3n de este fichero. Si solicita informaci\u00f3n relativa a un tercero nunca se podr\u00e1 facilitar. Si lo solicita por tel\u00e9fono se le indicar\u00e1 que lo haga por escrito y se le informar\u00e1 de c\u00f3mo lo puede hacer y la direcci\u00f3n a la que tiene que enviarlo. Nunca se le dar\u00e1 informaci\u00f3n por tel\u00e9fono.<br><\/li><li>Domicilio a efectos de notificaciones.<\/li><li>Fecha y firma del solicitante.<\/li><li>Documentos acreditativos de la petici\u00f3n que formula.<\/li><li>El interesado debe utilizar cualquier medio que permita acreditar el env\u00edo y la recepci\u00f3n de la solicitud.<\/li><\/ul>\n\n\n\n<p>Por \u00faltimo, le informamos que Usted tiene derecho a presentar una reclamaci\u00f3n ante la Agencia Espa\u00f1ola de Protecci\u00f3n de Datos en caso de que tenga conocimiento o considere que un hecho pueda suponer un incumplimiento de la normativa aplicable en materia de protecci\u00f3n de datos.<\/p>\n\n\n\n<p>AQUITANIA MOBLES SL se compromete a adoptar las medidas t\u00e9cnicas y organizativas necesarias, acorde al nivel de riesgos que acompa\u00f1an los tratamientos realizados por \u00e9stas e indicados en el apartado de los t\u00e9rminos y condiciones de uso, de forma que garanticen su integridad, confidencialidad y disponibilidad.<\/p>\n\n\n\n<p><strong>\u00daLTIMA ACTUALIZACI\u00d3N<\/strong><strong>: 19 de octubre de 2021<\/strong><\/p>\n\n\n\n<p><br><\/p>\n","protected":false},"excerpt":{"rendered":"<p>Datos del propietario de la web: RAZ\u00d3N SOCIAL AQUITANIA MOBLES SL NIF B57243867 DIRECCI\u00d3N POSTAL AV CAP DE CAVALLERIA 7, 07714, MAO (ILLES BALEARS) DIRECCI\u00d3N ELECTR\u00d3NICA aquitania@aquitania.net TEL\u00c9FONOS 971356353 REGISTRO MERCANTIL tomo &#8230;&#8230;&#8230;&#8230;, folio &#8230;&#8230;&#8230;.., hoja &#8230;&#8230;&#8230;. e inscripci\u00f3n &#8230;&#8230;&#8230;&#8230;&#8230; OBJETO PRINCIPAL venta de muebles y decoraci\u00f3n Protecci\u00f3n de datos De conformidad con la normativa [&hellip;]<\/p>\n","protected":false},"author":1,"featured_media":0,"parent":0,"menu_order":0,"comment_status":"closed","ping_status":"closed","template":"","meta":[],"categories":[],"tags":[],"_links":{"self":[{"href":"https:\/\/www.aquitania.net\/fr\/wp-json\/wp\/v2\/pages\/1791"}],"collection":[{"href":"https:\/\/www.aquitania.net\/fr\/wp-json\/wp\/v2\/pages"}],"about":[{"href":"https:\/\/www.aquitania.net\/fr\/wp-json\/wp\/v2\/types\/page"}],"author":[{"embeddable":true,"href":"https:\/\/www.aquitania.net\/fr\/wp-json\/wp\/v2\/users\/1"}],"replies":[{"embeddable":true,"href":"https:\/\/www.aquitania.net\/fr\/wp-json\/wp\/v2\/comments?post=1791"}],"version-history":[{"count":6,"href":"https:\/\/www.aquitania.net\/fr\/wp-json\/wp\/v2\/pages\/1791\/revisions"}],"predecessor-version":[{"id":3896,"href":"https:\/\/www.aquitania.net\/fr\/wp-json\/wp\/v2\/pages\/1791\/revisions\/3896"}],"wp:attachment":[{"href":"https:\/\/www.aquitania.net\/fr\/wp-json\/wp\/v2\/media?parent=1791"}],"wp:term":[{"taxonomy":"category","embeddable":true,"href":"https:\/\/www.aquitania.net\/fr\/wp-json\/wp\/v2\/categories?post=1791"},{"taxonomy":"post_tag","embeddable":true,"href":"https:\/\/www.aquitania.net\/fr\/wp-json\/wp\/v2\/tags?post=1791"}],"curies":[{"name":"wp","href":"https:\/\/api.w.org\/{rel}","templated":true}]}}